{"id":2,"date":"2016-01-11T05:45:50","date_gmt":"2016-01-11T05:45:50","guid":{"rendered":"http:\/\/jhs-software.org\/?page_id=2"},"modified":"2020-04-12T16:38:53","modified_gmt":"2020-04-12T16:38:53","slug":"sample-page","status":"publish","type":"page","link":"https:\/\/jhs-software.de\/","title":{"rendered":"Home"},"content":{"rendered":"<div id=\"wrapper\" class=\"clearfix\">\n<div id=\"content-full\" class=\"grid col-940\">\n<div id=\"post-66\" class=\"post-66 page type-page status-publish hentry\">\n<h1 class=\"entry-title post-title\">IT-Dienstleistungen<\/h1>\n<div class=\"post-entry\">\n<p>Wir beraten Sie gerne bei Ihren IT-Projekten. Mit \u00fcber 20 Jahren Erfahrung setzen Sie auf einen kompetenten und zuverl\u00e4ssigen Partner. Ihre IT-Projekte sind bei uns in besten H\u00e4nden.<\/p>\n<h3>Unsere T\u00e4tigkeitsfelder:<\/h3>\n<ul>\n<li>Beratung bei der f\u00fcr Ihr Unternehmen sinnvollen IT-Struktur<\/li>\n<li>Wahl der richtigen Betriebssysteme und Software<\/li>\n<li>Auswahl der passenden Hardware<\/li>\n<li>Beratung bei IT-Hosting<\/li>\n<\/ul>\n<p>F\u00fcr weitere Fragen nehmen Sie unter <a href=\"mailto:info@jhs-software.de\">info@jhs-software.de<\/a> Kontakt mit uns auf.<\/p>\n<\/div>\n<div class=\"post-edit\"><\/div>\n<\/div>\n<\/div>\n<\/div>\n","protected":false},"excerpt":{"rendered":"<p>IT-Dienstleistungen Wir beraten Sie gerne bei Ihren IT-Projekten. Mit \u00fcber 20 Jahren Erfahrung setzen Sie auf einen kompetenten und zuverl\u00e4ssigen Partner. Ihre IT-Projekte sind bei uns in besten H\u00e4nden. Unsere T\u00e4tigkeitsfelder: Beratung bei der f\u00fcr Ihr Unternehmen sinnvollen IT-Struktur Wahl der richtigen Betriebssysteme und Software Auswahl der passenden Hardware Beratung bei IT-Hosting F\u00fcr weitere Fragen &hellip; <\/p>\n<p class=\"link-more\"><a href=\"https:\/\/jhs-software.de\/\" class=\"more-link\"><span class=\"screen-reader-text\">\u201eHome\u201c <\/span>weiterlesen<\/a><\/p>\n","protected":false},"author":1,"featured_media":0,"parent":0,"menu_order":0,"comment_status":"closed","ping_status":"closed","template":"","meta":{"footnotes":""},"class_list":["post-2","page","type-page","status-publish","hentry"],"jetpack_sharing_enabled":true,"_links":{"self":[{"href":"https:\/\/jhs-software.de\/index.php?rest_route=\/wp\/v2\/pages\/2","targetHints":{"allow":["GET"]}}],"collection":[{"href":"https:\/\/jhs-software.de\/index.php?rest_route=\/wp\/v2\/pages"}],"about":[{"href":"https:\/\/jhs-software.de\/index.php?rest_route=\/wp\/v2\/types\/page"}],"author":[{"embeddable":true,"href":"https:\/\/jhs-software.de\/index.php?rest_route=\/wp\/v2\/users\/1"}],"replies":[{"embeddable":true,"href":"https:\/\/jhs-software.de\/index.php?rest_route=%2Fwp%2Fv2%2Fcomments&post=2"}],"version-history":[{"count":4,"href":"https:\/\/jhs-software.de\/index.php?rest_route=\/wp\/v2\/pages\/2\/revisions"}],"predecessor-version":[{"id":40,"href":"https:\/\/jhs-software.de\/index.php?rest_route=\/wp\/v2\/pages\/2\/revisions\/40"}],"wp:attachment":[{"href":"https:\/\/jhs-software.de\/index.php?rest_route=%2Fwp%2Fv2%2Fmedia&parent=2"}],"curies":[{"name":"wp","href":"https:\/\/api.w.org\/{rel}","templated":true}]}}